{"id":72,"date":"2026-02-20T01:24:30","date_gmt":"2026-02-20T00:24:30","guid":{"rendered":"https:\/\/groslay-terre-davenir.fr\/?page_id=72"},"modified":"2026-02-20T01:24:30","modified_gmt":"2026-02-20T00:24:30","slug":"la-liste","status":"publish","type":"page","link":"https:\/\/groslay-terre-davenir.fr\/?page_id=72","title":{"rendered":"La liste"},"content":{"rendered":"\r\n\r\n\r\n\r\n<ul class=\"members\">\r\n\r\n\t\t<li>\r\n\t\t\t\t<div><img decoding=\"async\" src=\"https:\/\/groslay-terre-davenir.fr\/wp-content\/uploads\/2026\/02\/francois_geffroy_.jpg\" alt=\"\"><\/div>\r\n\t\t<h2>Fran\u00e7ois Jeffroy<\/h2>\r\n\t\t\r\n\t\t\t\t<div class=\"metier\"><p>Expert en s\u00fbret\u00e9 nucl\u00e9aire<\/p>\r\n<p>Conseiller municipal et communautaire depuis 2020<\/p><\/div>\r\n\t\t\t\t\r\n\t\t\r\n\t<\/li>\r\n\r\n\t\t\t<li>\r\n\t\t\t\t<div><img decoding=\"async\" src=\"https:\/\/groslay-terre-davenir.fr\/wp-content\/uploads\/2026\/02\/bouchra_derkaoui_.jpg\" alt=\"\"><\/div>\r\n\t\t<h2>Bouchra Derkaoui<\/h2>\r\n\t\t\r\n\t\t\t\t<div class=\"metier\"><p>Kin\u00e9-Ost\u00e9opathe<\/p>\r\n<p>Conseill\u00e8re municipale<\/p>\r\n<p>Si\u00e8ge au CCAS de Groslay<\/p><\/div>\r\n\t\t\t\t\r\n\t\t\r\n\t<\/li>\r\n\r\n\t\t\t<li>\r\n\t\t\t\t<div><img decoding=\"async\" src=\"https:\/\/groslay-terre-davenir.fr\/wp-content\/uploads\/2026\/02\/paul_moussard_.jpg\" alt=\"\"><\/div>\r\n\t\t<h2>Paul Moussard<\/h2>\r\n\t\t\r\n\t\t\t\t<div class=\"metier\"><p>Conseiller municipal<\/p><p>Si\u00e8ge en commission des finances<\/p><p>Expert retrait\u00e9 en assurance<\/p><\/div>\r\n\t\t\t\t\r\n\t\t\r\n\t<\/li>\r\n\r\n\t\t\t<li>\r\n\t\t\t\t<div><img decoding=\"async\" src=\"https:\/\/groslay-terre-davenir.fr\/wp-content\/uploads\/2026\/02\/regine_bultel_.jpg\" alt=\"\"><\/div>\r\n\t\t<h2>R\u00e9gine Bultel<\/h2>\r\n\t\t\r\n\t\t\t\t<div class=\"metier\"><p>Conseill\u00e8re municipale<\/p><p>Fonctions support dans le domaine commercial<\/p><\/div>\r\n\t\t\t\t\r\n\t\t\r\n\t<\/li>\r\n\r\n\t\t\t<li>\r\n\t\t\t\t<div><img decoding=\"async\" src=\"https:\/\/groslay-terre-davenir.fr\/wp-content\/uploads\/2026\/02\/pierre_farcy_.jpg\" alt=\"\"><\/div>\r\n\t\t<h2>Pierre Farcy<\/h2>\r\n\t\t\r\n\t\t\t\t<div class=\"metier\"><p>Ex-adjoint sport, loisir, culture et associations<\/p><p>Responsable d&#8217;une antenne resto du Coeur<\/p><\/div>\r\n\t\t\t\t\r\n\t\t\r\n\t<\/li>\r\n\r\n\t\t\t<li>\r\n\t\t\t\t<div><img decoding=\"async\" src=\"https:\/\/groslay-terre-davenir.fr\/wp-content\/uploads\/2026\/02\/ismene_berion_.jpg\" alt=\"\"><\/div>\r\n\t\t<h2>Ism\u00e8ne B\u00e9rion<\/h2>\r\n\t\t\r\n\t\t\t\t<div class=\"metier\"><p>Avocate et M\u00e9diatrice<\/p><\/div>\r\n\t\t\t\t\r\n\t\t\r\n\t<\/li>\r\n\r\n\t\t\t<li>\r\n\t\t\t\t<div><img decoding=\"async\" src=\"https:\/\/groslay-terre-davenir.fr\/wp-content\/uploads\/2026\/02\/francis_chenin_.jpg\" alt=\"\"><\/div>\r\n\t\t<h2>Francis Ch\u00e9nin<\/h2>\r\n\t\t\r\n\t\t\t\t<div class=\"metier\"><p>Pr\u00e9sident d&#8217;une ASL<\/p>\r\n<p>Informaticien retrait\u00e9<\/p><\/div>\r\n\t\t\t\t\r\n\t\t\r\n\t<\/li>\r\n\r\n\t\t\t<li>\r\n\t\t\t\t<div><img decoding=\"async\" src=\"https:\/\/groslay-terre-davenir.fr\/wp-content\/uploads\/2026\/02\/natgalie_jobard_.jpg\" alt=\"\"><\/div>\r\n\t\t<h2>Nathalie Jobard<\/h2>\r\n\t\t\r\n\t\t\t\t<div class=\"metier\"><p>Professeure des \u00e9coles<\/p><\/div>\r\n\t\t\t\t\r\n\t\t\r\n\t<\/li>\r\n\r\n\t\t\t<li>\r\n\t\t\t\t<div><img decoding=\"async\" src=\"https:\/\/groslay-terre-davenir.fr\/wp-content\/uploads\/2026\/02\/gildas_fouedjeu_.jpg\" alt=\"\"><\/div>\r\n\t\t<h2>Gildas Fouedjeu<\/h2>\r\n\t\t\r\n\t\t\t\t<div class=\"metier\"><p>Manageur dans le domaine de la construction<\/p><\/div>\r\n\t\t\t\t\r\n\t\t\r\n\t<\/li>\r\n\r\n\t\t\t<li>\r\n\t\t\t\t<div><img decoding=\"async\" src=\"https:\/\/groslay-terre-davenir.fr\/wp-content\/uploads\/2026\/02\/myriam_marmeche_.jpg\" alt=\"\"><\/div>\r\n\t\t<h2>Myriam Marm\u00e8che<\/h2>\r\n\t\t\r\n\t\t\t\t<div class=\"metier\"><p>Professeure des \u00e9coles<\/p><\/div>\r\n\t\t\t\t\r\n\t\t\r\n\t<\/li>\r\n\r\n\t\t\t<li>\r\n\t\t\t\t<div><img decoding=\"async\" src=\"https:\/\/groslay-terre-davenir.fr\/wp-content\/uploads\/2026\/02\/sylvain_briand_.jpg\" alt=\"\"><\/div>\r\n\t\t<h2>Sylvain Briand<\/h2>\r\n\t\t\r\n\t\t\t\t<div class=\"metier\"><p>Auteur de logiciels<\/p><\/div>\r\n\t\t\t\t\r\n\t\t\r\n\t<\/li>\r\n\r\n\t\t\t<li>\r\n\t\t\t\t<div><img decoding=\"async\" src=\"https:\/\/groslay-terre-davenir.fr\/wp-content\/uploads\/2026\/02\/regine_joyeau_.jpg\" alt=\"\"><\/div>\r\n\t\t<h2>R\u00e9gine Joyeau<\/h2>\r\n\t\t\r\n\t\t\t\t<div class=\"metier\"><p>Assistante de direction &#8211; association aux personnes en r\u00e9insertion<\/p><\/div>\r\n\t\t\t\t\r\n\t\t\r\n\t<\/li>\r\n\r\n\t\t\t<li>\r\n\t\t\t\t<div><img decoding=\"async\" src=\"https:\/\/groslay-terre-davenir.fr\/wp-content\/uploads\/2026\/02\/philippe_hercyk_.jpg\" alt=\"\"><\/div>\r\n\t\t<h2>Philippe Hercyk<\/h2>\r\n\t\t\r\n\t\t\t\t<div class=\"metier\"><p>Informaticien retrait\u00e9<\/p>\r\n<p>Ex-adjoint aux \u00e9coles<\/p>\r\n<p>Conseill\u00e9 municipal<\/p><\/div>\r\n\t\t\t\t\r\n\t\t\r\n\t<\/li>\r\n\r\n\t\t\t<li>\r\n\t\t\t\t<div><img decoding=\"async\" src=\"https:\/\/groslay-terre-davenir.fr\/wp-content\/uploads\/2026\/02\/johanna_nedelec_.jpg\" alt=\"\"><\/div>\r\n\t\t<h2>Johanna Nedelec<\/h2>\r\n\t\t\r\n\t\t\t\t<div class=\"metier\"><p>DRH adjointe &#8211; Responsable entretien et restauration<\/p><\/div>\r\n\t\t\t\t\r\n\t\t\r\n\t<\/li>\r\n\r\n\t\t\t<li>\r\n\t\t\t\t<div><img decoding=\"async\" src=\"https:\/\/groslay-terre-davenir.fr\/wp-content\/uploads\/2026\/02\/philippe_geffrotin_.jpg\" alt=\"\"><\/div>\r\n\t\t<h2>Philippe Geffrotin<\/h2>\r\n\t\t\r\n\t\t\t\t<div class=\"metier\"><p>Responsable informatique retrait\u00e9<\/p><p>Ex-adjoint sport, loisir, culture<\/p><p>Responsable associatif ODER<\/p><\/div>\r\n\t\t\t\t\r\n\t\t\r\n\t<\/li>\r\n\r\n\t\t\t<li>\r\n\t\t\t\t<div><img decoding=\"async\" src=\"https:\/\/groslay-terre-davenir.fr\/wp-content\/uploads\/2026\/02\/carmela_deliame_.jpg\" alt=\"\"><\/div>\r\n\t\t<h2>Carmela Degliame<\/h2>\r\n\t\t\r\n\t\t\t\t<div class=\"metier\"><p>Contr\u00f4leuse de gestion retrait\u00e9e<\/p>\r\n<p>Conseill\u00e8re municipal et ex-d\u00e9l\u00e9gu\u00e9e \u00e0 la petite enfance<\/p><\/div>\r\n\t\t\t\t\r\n\t\t\r\n\t<\/li>\r\n\r\n\t\t\t<li>\r\n\t\t\t\t<div><img decoding=\"async\" src=\"https:\/\/groslay-terre-davenir.fr\/wp-content\/uploads\/2026\/02\/eric_morlot_.jpg\" alt=\"\"><\/div>\r\n\t\t<h2>Eric Morlot<\/h2>\r\n\t\t\r\n\t\t\t\t<div class=\"metier\"><p>Commercial dans le domaine du transport<\/p><\/div>\r\n\t\t\t\t\r\n\t\t\r\n\t<\/li>\r\n\r\n\t\t\t<li>\r\n\t\t\t\t<div><img decoding=\"async\" src=\"https:\/\/groslay-terre-davenir.fr\/wp-content\/uploads\/2026\/02\/emilie_elaidi_.jpg\" alt=\"\"><\/div>\r\n\t\t<h2>Emilie Elaidi<\/h2>\r\n\t\t\r\n\t\t\t\t<div class=\"metier\"><p>Responsable mission handicap<\/p><\/div>\r\n\t\t\t\t\r\n\t\t\r\n\t<\/li>\r\n\r\n\t\t\t<li>\r\n\t\t\t\t<div><img decoding=\"async\" src=\"https:\/\/groslay-terre-davenir.fr\/wp-content\/uploads\/2026\/02\/marcel_rey_.jpg\" alt=\"\"><\/div>\r\n\t\t<h2>Marcel Rey<\/h2>\r\n\t\t\r\n\t\t\t\t<div class=\"metier\"><p>Agent polyvalent retrait\u00e9 des services municipaux<\/p><\/div>\r\n\t\t\t\t\r\n\t\t\r\n\t<\/li>\r\n\r\n\t\t\t<li>\r\n\t\t\t\t<div><img decoding=\"async\" src=\"https:\/\/groslay-terre-davenir.fr\/wp-content\/uploads\/2026\/02\/sandrine_dubreu_.jpg\" alt=\"\"><\/div>\r\n\t\t<h2>Sandrine Dubreu<\/h2>\r\n\t\t\r\n\t\t\t\t<div class=\"metier\"><p>Commer\u00e7ante<\/p><\/div>\r\n\t\t\t\t\r\n\t\t\r\n\t<\/li>\r\n\r\n\t\t\t<li>\r\n\t\t\t\t<div><img decoding=\"async\" src=\"https:\/\/groslay-terre-davenir.fr\/wp-content\/uploads\/2026\/02\/alain_marillat_.jpg\" alt=\"\"><\/div>\r\n\t\t<h2>Alain Marillat<\/h2>\r\n\t\t\r\n\t\t\t\t<div class=\"metier\"><p>Professeur \u00e9ducation physique et sportive retrait\u00e9<\/p>\r\n<p>Ex-manageur de festival de danse<\/p><\/div>\r\n\t\t\t\t\r\n\t\t\r\n\t<\/li>\r\n\r\n\t\t\t<li>\r\n\t\t\t\t<div><img decoding=\"async\" src=\"https:\/\/groslay-terre-davenir.fr\/wp-content\/uploads\/2026\/02\/anna_rut_saulnier-piper_.jpg\" alt=\"\"><\/div>\r\n\t\t<h2>Anna Rut Saulnier-Pieper<\/h2>\r\n\t\t\r\n\t\t\t\t<div class=\"metier\"><p>Cadre commercial SNCF<\/p><\/div>\r\n\t\t\t\t\r\n\t\t\r\n\t<\/li>\r\n\r\n\t\t\t<li>\r\n\t\t\t\t<div><img decoding=\"async\" src=\"https:\/\/groslay-terre-davenir.fr\/wp-content\/uploads\/2026\/02\/celine_ancel_.jpg\" alt=\"\"><\/div>\r\n\t\t<h2>C\u00e9line Ancel<\/h2>\r\n\t\t\r\n\t\t\t\t<div class=\"metier\"><p>Responsable communication, communes et collectivit\u00e9s territoriales<\/p><\/div>\r\n\t\t\t\t\r\n\t\t\r\n\t<\/li>\r\n\r\n\t\t\t<li>\r\n\t\t\t\t<div><img decoding=\"async\" src=\"https:\/\/groslay-terre-davenir.fr\/wp-content\/uploads\/2026\/02\/johnny_ferreira_.jpg\" alt=\"\"><\/div>\r\n\t\t<h2>Johnny Ferreira<\/h2>\r\n\t\t\r\n\t\t\t\t<div class=\"metier\"><p>Conseiller immobilier<\/p><\/div>\r\n\t\t\t\t\r\n\t\t\r\n\t<\/li>\r\n\r\n\t\t\t<li>\r\n\t\t\t\t<div><img decoding=\"async\" src=\"https:\/\/groslay-terre-davenir.fr\/wp-content\/uploads\/2026\/02\/martial_journo_.jpg\" alt=\"\"><\/div>\r\n\t\t<h2>Martial Journo<\/h2>\r\n\t\t\r\n\t\t\t\t<div class=\"metier\"><p>Graphiste retrait\u00e9<\/p><\/div>\r\n\t\t\t\t\r\n\t\t\r\n\t<\/li>\r\n\r\n\t\t\t<li>\r\n\t\t\t\t<div><img decoding=\"async\" src=\"https:\/\/groslay-terre-davenir.fr\/wp-content\/uploads\/2026\/02\/chloe_bleuse_.jpg\" alt=\"\"><\/div>\r\n\t\t<h2>Chlo\u00e9 Bleuse<\/h2>\r\n\t\t\r\n\t\t\t\t<div class=\"metier\"><p>Professeure de math\u00e9matiques<\/p><\/div>\r\n\t\t\t\t\r\n\t\t\r\n\t<\/li>\r\n\r\n\t\t\t<li>\r\n\t\t\t\t<div><img decoding=\"async\" src=\"https:\/\/groslay-terre-davenir.fr\/wp-content\/uploads\/2026\/02\/stanlay_selvanadin_.jpg\" alt=\"\"><\/div>\r\n\t\t<h2>Stanley Selvanadin<\/h2>\r\n\t\t\r\n\t\t\t\t<div class=\"metier\"><p>Ing\u00e9nieur informatique<\/p><\/div>\r\n\t\t\t\t\r\n\t\t\r\n\t<\/li>\r\n\r\n\t\t\t<li>\r\n\t\t\t\t<div><img decoding=\"async\" src=\"https:\/\/groslay-terre-davenir.fr\/wp-content\/uploads\/2026\/02\/laurence_vasseur_.jpg\" alt=\"\"><\/div>\r\n\t\t<h2>Laurence Vasseur<\/h2>\r\n\t\t\r\n\t\t\t\t<div class=\"metier\"><p>Charg\u00e9e de projets europ\u00e9ens<\/p><\/div>\r\n\t\t\t\t\r\n\t\t\r\n\t<\/li>\r\n\r\n\t\t\t<li>\r\n\t\t\t\t<div><img decoding=\"async\" src=\"https:\/\/groslay-terre-davenir.fr\/wp-content\/uploads\/2026\/02\/yannick_thomas_.jpg\" alt=\"\"><\/div>\r\n\t\t<h2>Yannick Thomas<\/h2>\r\n\t\t\r\n\t\t\t\t<div class=\"metier\"><p>Proviseur<\/p><\/div>\r\n\t\t\t\t\r\n\t\t\r\n\t<\/li>\r\n\r\n\t\t\t<li>\r\n\t\t\t\t<div><img decoding=\"async\" src=\"https:\/\/groslay-terre-davenir.fr\/wp-content\/uploads\/2026\/02\/clotilde_certain_.jpg\" alt=\"\"><\/div>\r\n\t\t<h2>Clotilde Certain<\/h2>\r\n\t\t\r\n\t\t\t\t<div class=\"metier\"><p>Maraich\u00e8re retrait\u00e9e<\/p><\/div>\r\n\t\t\t\t\r\n\t\t\r\n\t<\/li>\r\n\r\n\t\t\t<li>\r\n\t\t\t\t<div><img decoding=\"async\" src=\"https:\/\/groslay-terre-davenir.fr\/wp-content\/uploads\/2026\/02\/gerard_joyeau_.jpg\" alt=\"\"><\/div>\r\n\t\t<h2>G\u00e9rard Joyeau<\/h2>\r\n\t\t\r\n\t\t\t\t<div class=\"metier\"><p>Transporteur retrait\u00e9<\/p>\r\n<p>Pr\u00e9sident du Pichet st-Eug\u00e8ne<\/p><\/div>\r\n\t\t\t\t\r\n\t\t\r\n\t<\/li>\r\n\r\n\t\t\t\t\r\n<\/ul>\r\n\r\n","protected":false},"excerpt":{"rendered":"","protected":false},"author":1,"featured_media":0,"parent":0,"menu_order":0,"comment_status":"closed","ping_status":"closed","template":"","meta":{"_acf_changed":false,"footnotes":""},"class_list":["post-72","page","type-page","status-publish","hentry"],"acf":[],"_links":{"self":[{"href":"https:\/\/groslay-terre-davenir.fr\/index.php?rest_route=\/wp\/v2\/pages\/72","targetHints":{"allow":["GET"]}}],"collection":[{"href":"https:\/\/groslay-terre-davenir.fr\/index.php?rest_route=\/wp\/v2\/pages"}],"about":[{"href":"https:\/\/groslay-terre-davenir.fr\/index.php?rest_route=\/wp\/v2\/types\/page"}],"author":[{"embeddable":true,"href":"https:\/\/groslay-terre-davenir.fr\/index.php?rest_route=\/wp\/v2\/users\/1"}],"replies":[{"embeddable":true,"href":"https:\/\/groslay-terre-davenir.fr\/index.php?rest_route=%2Fwp%2Fv2%2Fcomments&post=72"}],"version-history":[{"count":2,"href":"https:\/\/groslay-terre-davenir.fr\/index.php?rest_route=\/wp\/v2\/pages\/72\/revisions"}],"predecessor-version":[{"id":240,"href":"https:\/\/groslay-terre-davenir.fr\/index.php?rest_route=\/wp\/v2\/pages\/72\/revisions\/240"}],"wp:attachment":[{"href":"https:\/\/groslay-terre-davenir.fr\/index.php?rest_route=%2Fwp%2Fv2%2Fmedia&parent=72"}],"curies":[{"name":"wp","href":"https:\/\/api.w.org\/{rel}","templated":true}]}}